{"id":36101,"date":"2020-02-13T11:54:15","date_gmt":"2020-02-13T10:54:15","guid":{"rendered":"http:\/\/aquadesign.eu\/produit\/pitch-childrens-helmet\/"},"modified":"2025-10-17T15:25:32","modified_gmt":"2025-10-17T14:25:32","slug":"pitch-childrens-helmet","status":"publish","type":"product","link":"https:\/\/aquadesign.eu\/en\/boutique\/all-products\/canoe-kayak\/pitch-childrens-helmet\/","title":{"rendered":"PITCH CHILDREN&#8217;S HELMET"},"content":{"rendered":"<p>[et_pb_section fb_built=&#8221;1&#8243; _builder_version=&#8221;4.16&#8243; custom_padding=&#8221;0px||||false|false&#8221; global_colors_info=&#8221;{}&#8221;][et_pb_row _builder_version=&#8221;4.16&#8243; background_size=&#8221;initial&#8221; background_position=&#8221;top_left&#8221; background_repeat=&#8221;repeat&#8221; width=&#8221;100%&#8221; custom_padding=&#8221;0px||0px||false|false&#8221; global_colors_info=&#8221;{}&#8221;][et_pb_column type=&#8221;4_4&#8243; _builder_version=&#8221;4.16&#8243; custom_padding=&#8221;|||&#8221; global_colors_info=&#8221;{}&#8221; custom_padding__hover=&#8221;|||&#8221;]<\/p>\n<p>[et_pb_wc_breadcrumb admin_label=&#8221;Woo miettes de pain&#8221; _builder_version=&#8221;4.16&#8243; global_colors_info=&#8221;{}&#8221;][\/et_pb_wc_breadcrumb][et_pb_wc_cart_notice _builder_version=&#8221;4.16&#8243; global_colors_info=&#8221;{}&#8221;][\/et_pb_wc_cart_notice]<\/p>\n<p>[\/et_pb_column][\/et_pb_row][et_pb_row column_structure=&#8221;1_2,1_2&#8243; _builder_version=&#8221;4.16&#8243; background_size=&#8221;initial&#8221; background_position=&#8221;top_left&#8221; background_repeat=&#8221;repeat&#8221; width=&#8221;100%&#8221; custom_padding=&#8221;0px||||false|false&#8221; global_colors_info=&#8221;{}&#8221;][et_pb_column type=&#8221;1_2&#8243; _builder_version=&#8221;4.16&#8243; custom_padding=&#8221;|||&#8221; global_colors_info=&#8221;{}&#8221; custom_padding__hover=&#8221;|||&#8221;]<\/p>\n<p>[et_pb_wc_images _builder_version=&#8221;4.16&#8243; global_colors_info=&#8221;{}&#8221;][\/et_pb_wc_images]<\/p>\n<p>[\/et_pb_column][et_pb_column type=&#8221;1_2&#8243; _builder_version=&#8221;4.16&#8243; custom_padding=&#8221;|||&#8221; global_colors_info=&#8221;{}&#8221; custom_padding__hover=&#8221;|||&#8221;][et_pb_wc_title _builder_version=&#8221;4.16&#8243; global_colors_info=&#8221;{}&#8221;][\/et_pb_wc_title][et_pb_wc_rating disabled_on=&#8221;off|off|off&#8221; _builder_version=&#8221;4.16&#8243; global_colors_info=&#8221;{}&#8221;][\/et_pb_wc_rating][et_pb_wc_price _builder_version=&#8221;4.16&#8243; global_colors_info=&#8221;{}&#8221;][\/et_pb_wc_price][et_pb_wc_description _builder_version=&#8221;4.16&#8243; global_colors_info=&#8221;{}&#8221;][\/et_pb_wc_description][et_pb_text disabled_on=&#8221;on|on|on&#8221; admin_label=&#8221;Pr\u00e9commande&#8221; _builder_version=&#8221;4.24.2&#8243; _module_preset=&#8221;default&#8221; custom_margin_tablet=&#8221;&#8221; custom_margin_phone=&#8221;&#8221; custom_margin_last_edited=&#8221;on|phone&#8221; disabled=&#8221;on&#8221; locked=&#8221;off&#8221; global_colors_info=&#8221;{}&#8221;]<\/p>\n<p><img decoding=\"async\" class=\"txt-icons\" src=\"https:\/\/aquadesign.eu\/wp-content\/uploads\/PICTO-NON_DISPO-NOUS_CONTACTER.svg\" \/>Nouveaut\u00e9s !<\/p>\n<p>Disponible en pr\u00e9commande &#8211; Exp\u00e9dition \u00e0 partir de<strong> Mai 2024.<\/strong><\/p>\n<p>Une question ? Posez la nous via le Chat &#x1f44b;&#x1f3fc; ou envoyez-nous un mail \u00e0 l&#8217;adresse <a href=\"mailto:commercial@mooving-brands.com\">commercial@mooving-brands.com<\/a> .<\/p>\n<p>[\/et_pb_text][et_pb_wc_add_to_cart _builder_version=&#8221;4.16&#8243; global_colors_info=&#8221;{}&#8221;][\/et_pb_wc_add_to_cart][et_pb_wc_meta _builder_version=&#8221;4.16&#8243; global_colors_info=&#8221;{}&#8221;][\/et_pb_wc_meta][\/et_pb_column][\/et_pb_row][\/et_pb_section][et_pb_section fb_built=&#8221;1&#8243; disabled_on=&#8221;off|off|off&#8221; admin_label=&#8221;T\u00c9L\u00c9CHARGEMENT&#8221; _builder_version=&#8221;4.19.4&#8243; custom_margin=&#8221;50px||0px||false|false&#8221; custom_margin_tablet=&#8221;0px|20px|0px|20px|false|false&#8221; custom_margin_phone=&#8221;|20px||20px|false|false&#8221; custom_margin_last_edited=&#8221;on|phone&#8221; custom_padding=&#8221;0px||0px|&#8221; z_index_tablet=&#8221;500&#8243; locked=&#8221;off&#8221; global_colors_info=&#8221;{}&#8221;][et_pb_row use_custom_gutter=&#8221;on&#8221; gutter_width=&#8221;1&#8243; make_equal=&#8221;on&#8221; module_class=&#8221; et_pb_row_fullwidth et_pb_row_fullwidth et_pb_row_fullwidth et_pb_row_fullwidth et_pb_row_fullwidth&#8221; _builder_version=&#8221;4.22.1&#8243; width_tablet=&#8221;100%&#8221; width_phone=&#8221;&#8221; width_last_edited=&#8221;on|desktop&#8221; max_width=&#8221;80%&#8221; max_width_tablet=&#8221;100%&#8221; max_width_phone=&#8221;&#8221; max_width_last_edited=&#8221;on|desktop&#8221; custom_margin=&#8221;0px||0px|&#8221; custom_padding=&#8221;0px||0px|&#8221; make_fullwidth=&#8221;on&#8221; locked=&#8221;off&#8221; global_colors_info=&#8221;{}&#8221;][et_pb_column type=&#8221;4_4&#8243; _builder_version=&#8221;4.16&#8243; custom_padding=&#8221;|||&#8221; global_colors_info=&#8221;{}&#8221; custom_padding__hover=&#8221;|||&#8221;][et_pb_text disabled_on=&#8221;on|off|off&#8221; admin_label=&#8221;TITRE T\u00c9L\u00c9CHARGEMENT&#8221; _builder_version=&#8221;4.22.1&#8243; _module_preset=&#8221;default&#8221; header_2_text_align=&#8221;left&#8221; header_2_text_color=&#8221;#000000&#8243; header_2_font_size=&#8221;55px&#8221; module_alignment=&#8221;left&#8221; min_height=&#8221;103.5px&#8221; custom_margin=&#8221;||100px||false|false&#8221; custom_padding=&#8221;||0px|35px|false|false&#8221; locked=&#8221;off&#8221; global_colors_info=&#8221;{}&#8221;]<\/p>\n<h2><em>UPLOADS<\/em><\/h2>\n<p>[\/et_pb_text][\/et_pb_column][\/et_pb_row][et_pb_row column_structure=&#8221;1_2,1_2&#8243; use_custom_gutter=&#8221;on&#8221; gutter_width=&#8221;1&#8243; make_equal=&#8221;on&#8221; module_class=&#8221; et_pb_row_fullwidth et_pb_row_fullwidth et_pb_row_fullwidth et_pb_row_fullwidth et_pb_row_fullwidth&#8221; _builder_version=&#8221;4.22.1&#8243; width_tablet=&#8221;100%&#8221; width_phone=&#8221;&#8221; width_last_edited=&#8221;on|desktop&#8221; max_width=&#8221;80%&#8221; max_width_tablet=&#8221;100%&#8221; max_width_phone=&#8221;&#8221; max_width_last_edited=&#8221;on|desktop&#8221; custom_margin=&#8221;0px||0px|&#8221; custom_padding=&#8221;0px||0px|&#8221; make_fullwidth=&#8221;on&#8221; locked=&#8221;off&#8221; global_colors_info=&#8221;{}&#8221;][et_pb_column type=&#8221;1_2&#8243; _builder_version=&#8221;4.16&#8243; custom_padding=&#8221;|||&#8221; global_colors_info=&#8221;{}&#8221; custom_padding__hover=&#8221;|||&#8221;][et_pb_code admin_label=&#8221;BOUTONS NOTICE&#8221; _builder_version=&#8221;4.27.4&#8243; text_orientation=&#8221;center&#8221; global_colors_info=&#8221;{}&#8221;]<a href=\"https:\/\/aquadesign.eu\/wp-content\/uploads\/2024_04-12-NOTICE-CASQUE-PITCH-AQUADESIGN-ALL.pdf\" target=\"_blank\" rel=\"noopener\"><!-- [et_pb_line_break_holder] --><button class=\"button\"><i class=\"fa fa-eye\"><\/i> User Manual<\/button><!-- [et_pb_line_break_holder] --><\/a><!-- [et_pb_line_break_holder] --><!-- [et_pb_line_break_holder] -->[\/et_pb_code][\/et_pb_column][et_pb_column type=&#8221;1_2&#8243; _builder_version=&#8221;4.16&#8243; custom_padding=&#8221;|||&#8221; global_colors_info=&#8221;{}&#8221; custom_padding__hover=&#8221;|||&#8221;][et_pb_code admin_label=&#8221;BOUTONS ATTESTAION UE&#8221; _builder_version=&#8221;4.27.4&#8243; text_orientation=&#8221;center&#8221; global_colors_info=&#8221;{}&#8221;]<a href=\"https:\/\/aquadesign.eu\/wp-content\/uploads\/CE-CERTIFICATE-CASQUE-PITCH.pdf\" target=\"_blank\" rel=\"noopener\"><!-- [et_pb_line_break_holder] --><button class=\"button\"><i class=\"fa fa-eye\"><\/i> Certificate <\/button><!-- [et_pb_line_break_holder] --><\/a><!-- [et_pb_line_break_holder] --><!-- [et_pb_line_break_holder] -->[\/et_pb_code][\/et_pb_column][\/et_pb_row][\/et_pb_section][et_pb_section fb_built=&#8221;1&#8243; disabled_on=&#8221;off|off|off&#8221; _builder_version=&#8221;4.16&#8243; inner_width_tablet=&#8221;50px&#8221; inner_max_width_tablet=&#8221;50px&#8221; custom_margin=&#8221;0px||0px|&#8221; custom_padding=&#8221;0px||0px|&#8221; z_index_tablet=&#8221;500&#8243; global_colors_info=&#8221;{}&#8221;][et_pb_row use_custom_gutter=&#8221;on&#8221; gutter_width=&#8221;1&#8243; make_equal=&#8221;on&#8221; module_class=&#8221; et_pb_row_fullwidth et_pb_row_fullwidth et_pb_row_fullwidth et_pb_row_fullwidth et_pb_row_fullwidth&#8221; _builder_version=&#8221;4.16&#8243; width=&#8221;100%&#8221; width_tablet=&#8221;100%&#8221; width_phone=&#8221;&#8221; width_last_edited=&#8221;on|desktop&#8221; max_width=&#8221;100%&#8221; max_width_tablet=&#8221;100%&#8221; max_width_phone=&#8221;&#8221; max_width_last_edited=&#8221;on|desktop&#8221; custom_margin=&#8221;0px||0px|&#8221; custom_padding=&#8221;0px||0px|&#8221; make_fullwidth=&#8221;on&#8221; global_colors_info=&#8221;{}&#8221;][et_pb_column type=&#8221;4_4&#8243; _builder_version=&#8221;4.16&#8243; custom_padding=&#8221;|||&#8221; global_colors_info=&#8221;{}&#8221; custom_padding__hover=&#8221;|||&#8221;]<\/p>\n<p>[et_pb_gallery gallery_ids=&#8221;28680,28640,28644,28664,28676,28648,28636,28668&#8243; posts_number=&#8221;8&#8243; show_title_and_caption=&#8221;off&#8221; show_pagination=&#8221;off&#8221; zoom_icon_color=&#8221;#000000&#8243; disabled_on=&#8221;on|on|on&#8221; admin_label=&#8221;GALERIE IN SITU&#8221; _builder_version=&#8221;4.16&#8243; custom_margin=&#8221;0px||0px|&#8221; custom_padding=&#8221;0px||0px|&#8221; animation_style=&#8221;fade&#8221; z_index_tablet=&#8221;500&#8243; title_text_shadow_horizontal_length_tablet=&#8221;0px&#8221; title_text_shadow_vertical_length_tablet=&#8221;0px&#8221; title_text_shadow_blur_strength_tablet=&#8221;1px&#8221; caption_text_shadow_horizontal_length_tablet=&#8221;0px&#8221; caption_text_shadow_vertical_length_tablet=&#8221;0px&#8221; caption_text_shadow_blur_strength_tablet=&#8221;1px&#8221; pagination_text_shadow_horizontal_length_tablet=&#8221;0px&#8221; pagination_text_shadow_vertical_length_tablet=&#8221;0px&#8221; pagination_text_shadow_blur_strength_tablet=&#8221;1px&#8221; box_shadow_horizontal_tablet=&#8221;0px&#8221; box_shadow_vertical_tablet=&#8221;0px&#8221; box_shadow_blur_tablet=&#8221;40px&#8221; box_shadow_spread_tablet=&#8221;0px&#8221; box_shadow_horizontal_image_tablet=&#8221;0px&#8221; box_shadow_vertical_image_tablet=&#8221;0px&#8221; box_shadow_blur_image_tablet=&#8221;40px&#8221; box_shadow_spread_image_tablet=&#8221;0px&#8221; text_shadow_horizontal_length_tablet=&#8221;0px&#8221; text_shadow_vertical_length_tablet=&#8221;0px&#8221; text_shadow_blur_strength_tablet=&#8221;1px&#8221; disabled=&#8221;on&#8221; global_colors_info=&#8221;{}&#8221;][\/et_pb_gallery][et_pb_wc_tabs active_tab_background_color=&#8221;#ffffff&#8221; inactive_tab_background_color=&#8221;#e7e7e7&#8243; active_tab_text_color=&#8221;#bdbdbd&#8221; include_tabs=&#8221;|additional_information|&#8221; admin_label=&#8221;Woo Tabs&#8221; _builder_version=&#8221;4.16&#8243; tab_text_color=&#8221;#ffffff&#8221; tab_font=&#8221;|||on|||||&#8221; tab_letter_spacing=&#8221;3px&#8221; tab_line_height=&#8221;3.5em&#8221; custom_margin=&#8221;50px||||false|false&#8221; global_colors_info=&#8221;{}&#8221; custom_css_tabs_content__hover_enabled=&#8221;off|desktop&#8221; custom_css_tabs_content_last_edited=&#8221;off|desktop&#8221;] [\/et_pb_wc_tabs][et_pb_video disabled_on=&#8221;on|on|on&#8221; _builder_version=&#8221;4.16&#8243; disabled=&#8221;on&#8221; global_colors_info=&#8221;{}&#8221;][\/et_pb_video]<\/p>\n<p>[\/et_pb_column][\/et_pb_row][et_pb_row _builder_version=&#8221;4.16&#8243; background_size=&#8221;initial&#8221; background_position=&#8221;top_left&#8221; background_repeat=&#8221;repeat&#8221; width=&#8221;100%&#8221; global_colors_info=&#8221;{}&#8221;][et_pb_column type=&#8221;4_4&#8243; _builder_version=&#8221;4.16&#8243; custom_padding=&#8221;|||&#8221; global_colors_info=&#8221;{}&#8221; custom_padding__hover=&#8221;|||&#8221;]<\/p>\n<p>[et_pb_wc_upsells _builder_version=&#8221;4.16&#8243; global_colors_info=&#8221;{}&#8221;][\/et_pb_wc_upsells][et_pb_wc_related_products _builder_version=&#8221;4.16&#8243; global_colors_info=&#8221;{}&#8221;][\/et_pb_wc_related_products]<\/p>\n<p>[\/et_pb_column][\/et_pb_row][\/et_pb_section]<\/p>\n","protected":false},"excerpt":{"rendered":"<p>The Pitch is specially designed to allow people of all ages to enjoy watersports. Compliant with CE EN 1385 standard for sports such as canoeing, kayaking, rafting or kitesurfing, the Pitch provides safety and comfort essential for all children. With its ABS shell and ear protecton, it covers all the most sensitive areas. The helmet is highly rated by professionals, in particular for its picot adjustment system and availability in four colours: blue, white, red and yellow.<\/p>\n","protected":false},"featured_media":54740,"comment_status":"closed","ping_status":"closed","template":"","meta":{"_et_pb_use_builder":"on","_et_pb_old_content":"","_et_gb_content_width":"","content-type":"","inline_featured_image":false},"product_brand":[],"product_cat":[247,241,239,249,266,265],"product_tag":[],"class_list":{"0":"post-36101","1":"product","2":"type-product","3":"status-publish","4":"has-post-thumbnail","6":"product_cat-all-products","7":"product_cat-canoe-kayak","8":"product_cat-canoe-kayak-accessories","9":"product_cat-featured-product","10":"product_cat-helmets","11":"product_cat-security-canoe-kayak-accessories","13":"first","14":"outofstock","15":"taxable","16":"shipping-taxable","17":"purchasable","18":"product-type-variable"},"yoast_head":"<!-- This site is optimized with the Yoast SEO plugin v25.4 - https:\/\/yoast.com\/wordpress\/plugins\/seo\/ -->\n<title>PITCH CHILDREN&#039;S HELMET - NAUTISME- AQUADESIGN<\/title>\n<meta name=\"description\" content=\"The Pitch Aquadesign children&#039;s helmet designed for nautical activities (Canoeing, Kayaking, Rafting, Kite-surfing...) CE EN 1385 approval.\" \/>\n<meta name=\"robots\" content=\"index, follow, max-snippet:-1, max-image-preview:large, max-video-preview:-1\" \/>\n<link rel=\"canonical\" href=\"https:\/\/aquadesign.eu\/en\/boutique\/all-products\/canoe-kayak\/pitch-childrens-helmet\/\" \/>\n<meta property=\"og:locale\" content=\"en_US\" \/>\n<meta property=\"og:type\" content=\"article\" \/>\n<meta property=\"og:title\" content=\"PITCH CHILDREN&#039;S HELMET - NAUTISME- AQUADESIGN\" \/>\n<meta property=\"og:description\" content=\"The Pitch Aquadesign children&#039;s helmet designed for nautical activities (Canoeing, Kayaking, Rafting, Kite-surfing...) CE EN 1385 approval.\" \/>\n<meta property=\"og:url\" content=\"https:\/\/aquadesign.eu\/en\/boutique\/all-products\/canoe-kayak\/pitch-childrens-helmet\/\" \/>\n<meta property=\"og:site_name\" content=\"AQUADESIGN\" \/>\n<meta property=\"article:publisher\" content=\"https:\/\/www.facebook.com\/Aquadesign-123940421010907\" \/>\n<meta property=\"article:modified_time\" content=\"2025-10-17T14:25:32+00:00\" \/>\n<meta property=\"og:image\" content=\"https:\/\/aquadesign.eu\/wp-content\/uploads\/HE4215-SIMULATION-PITCH-HELMET-EDITION_2023-BLUE-45-WEB.jpg\" \/>\n\t<meta property=\"og:image:width\" content=\"1080\" \/>\n\t<meta property=\"og:image:height\" content=\"1080\" \/>\n\t<meta property=\"og:image:type\" content=\"image\/jpeg\" \/>\n<meta name=\"twitter:card\" content=\"summary_large_image\" \/>\n<meta name=\"twitter:label1\" content=\"Est. reading time\" \/>\n\t<meta name=\"twitter:data1\" content=\"6 minutes\" \/>\n<script type=\"application\/ld+json\" class=\"yoast-schema-graph\">{\"@context\":\"https:\/\/schema.org\",\"@graph\":[{\"@type\":\"WebPage\",\"@id\":\"https:\/\/aquadesign.eu\/en\/boutique\/all-products\/canoe-kayak\/pitch-childrens-helmet\/\",\"url\":\"https:\/\/aquadesign.eu\/en\/boutique\/all-products\/canoe-kayak\/pitch-childrens-helmet\/\",\"name\":\"PITCH CHILDREN'S HELMET - NAUTISME- AQUADESIGN\",\"isPartOf\":{\"@id\":\"https:\/\/aquadesign.eu\/en\/#website\"},\"primaryImageOfPage\":{\"@id\":\"https:\/\/aquadesign.eu\/en\/boutique\/all-products\/canoe-kayak\/pitch-childrens-helmet\/#primaryimage\"},\"image\":{\"@id\":\"https:\/\/aquadesign.eu\/en\/boutique\/all-products\/canoe-kayak\/pitch-childrens-helmet\/#primaryimage\"},\"thumbnailUrl\":\"https:\/\/aquadesign.eu\/wp-content\/uploads\/HE4215-SIMULATION-PITCH-HELMET-EDITION_2023-BLUE-45-WEB.jpg\",\"datePublished\":\"2020-02-13T10:54:15+00:00\",\"dateModified\":\"2025-10-17T14:25:32+00:00\",\"description\":\"The Pitch Aquadesign children's helmet designed for nautical activities (Canoeing, Kayaking, Rafting, Kite-surfing...) CE EN 1385 approval.\",\"breadcrumb\":{\"@id\":\"https:\/\/aquadesign.eu\/en\/boutique\/all-products\/canoe-kayak\/pitch-childrens-helmet\/#breadcrumb\"},\"inLanguage\":\"en-US\",\"potentialAction\":[{\"@type\":\"ReadAction\",\"target\":[\"https:\/\/aquadesign.eu\/en\/boutique\/all-products\/canoe-kayak\/pitch-childrens-helmet\/\"]}]},{\"@type\":\"ImageObject\",\"inLanguage\":\"en-US\",\"@id\":\"https:\/\/aquadesign.eu\/en\/boutique\/all-products\/canoe-kayak\/pitch-childrens-helmet\/#primaryimage\",\"url\":\"https:\/\/aquadesign.eu\/wp-content\/uploads\/HE4215-SIMULATION-PITCH-HELMET-EDITION_2023-BLUE-45-WEB.jpg\",\"contentUrl\":\"https:\/\/aquadesign.eu\/wp-content\/uploads\/HE4215-SIMULATION-PITCH-HELMET-EDITION_2023-BLUE-45-WEB.jpg\",\"width\":1080,\"height\":1080,\"caption\":\"Casque pitch enfant bleu pour kayak, rafting et autres activit\u00e9s\"},{\"@type\":\"BreadcrumbList\",\"@id\":\"https:\/\/aquadesign.eu\/en\/boutique\/all-products\/canoe-kayak\/pitch-childrens-helmet\/#breadcrumb\",\"itemListElement\":[{\"@type\":\"ListItem\",\"position\":1,\"name\":\"Accueil\",\"item\":\"https:\/\/aquadesign.eu\/en\/accueil-2-2\/\"},{\"@type\":\"ListItem\",\"position\":2,\"name\":\"Shop\",\"item\":\"https:\/\/aquadesign.eu\/en\/shop\/\"},{\"@type\":\"ListItem\",\"position\":3,\"name\":\"PITCH CHILDREN&rsquo;S HELMET\"}]},{\"@type\":\"WebSite\",\"@id\":\"https:\/\/aquadesign.eu\/en\/#website\",\"url\":\"https:\/\/aquadesign.eu\/en\/\",\"name\":\"AQUADESIGN\",\"description\":\"The whitewater company\",\"potentialAction\":[{\"@type\":\"SearchAction\",\"target\":{\"@type\":\"EntryPoint\",\"urlTemplate\":\"https:\/\/aquadesign.eu\/en\/?s={search_term_string}\"},\"query-input\":{\"@type\":\"PropertyValueSpecification\",\"valueRequired\":true,\"valueName\":\"search_term_string\"}}],\"inLanguage\":\"en-US\"}]}<\/script>\n<!-- \/ Yoast SEO plugin. -->","yoast_head_json":{"title":"PITCH CHILDREN'S HELMET - NAUTISME- AQUADESIGN","description":"The Pitch Aquadesign children's helmet designed for nautical activities (Canoeing, Kayaking, Rafting, Kite-surfing...) CE EN 1385 approval.","robots":{"index":"index","follow":"follow","max-snippet":"max-snippet:-1","max-image-preview":"max-image-preview:large","max-video-preview":"max-video-preview:-1"},"canonical":"https:\/\/aquadesign.eu\/en\/boutique\/all-products\/canoe-kayak\/pitch-childrens-helmet\/","og_locale":"en_US","og_type":"article","og_title":"PITCH CHILDREN'S HELMET - NAUTISME- AQUADESIGN","og_description":"The Pitch Aquadesign children's helmet designed for nautical activities (Canoeing, Kayaking, Rafting, Kite-surfing...) CE EN 1385 approval.","og_url":"https:\/\/aquadesign.eu\/en\/boutique\/all-products\/canoe-kayak\/pitch-childrens-helmet\/","og_site_name":"AQUADESIGN","article_publisher":"https:\/\/www.facebook.com\/Aquadesign-123940421010907","article_modified_time":"2025-10-17T14:25:32+00:00","og_image":[{"width":1080,"height":1080,"url":"https:\/\/aquadesign.eu\/wp-content\/uploads\/HE4215-SIMULATION-PITCH-HELMET-EDITION_2023-BLUE-45-WEB.jpg","type":"image\/jpeg"}],"twitter_card":"summary_large_image","twitter_misc":{"Est. reading time":"6 minutes"},"schema":{"@context":"https:\/\/schema.org","@graph":[{"@type":"WebPage","@id":"https:\/\/aquadesign.eu\/en\/boutique\/all-products\/canoe-kayak\/pitch-childrens-helmet\/","url":"https:\/\/aquadesign.eu\/en\/boutique\/all-products\/canoe-kayak\/pitch-childrens-helmet\/","name":"PITCH CHILDREN'S HELMET - NAUTISME- AQUADESIGN","isPartOf":{"@id":"https:\/\/aquadesign.eu\/en\/#website"},"primaryImageOfPage":{"@id":"https:\/\/aquadesign.eu\/en\/boutique\/all-products\/canoe-kayak\/pitch-childrens-helmet\/#primaryimage"},"image":{"@id":"https:\/\/aquadesign.eu\/en\/boutique\/all-products\/canoe-kayak\/pitch-childrens-helmet\/#primaryimage"},"thumbnailUrl":"https:\/\/aquadesign.eu\/wp-content\/uploads\/HE4215-SIMULATION-PITCH-HELMET-EDITION_2023-BLUE-45-WEB.jpg","datePublished":"2020-02-13T10:54:15+00:00","dateModified":"2025-10-17T14:25:32+00:00","description":"The Pitch Aquadesign children's helmet designed for nautical activities (Canoeing, Kayaking, Rafting, Kite-surfing...) CE EN 1385 approval.","breadcrumb":{"@id":"https:\/\/aquadesign.eu\/en\/boutique\/all-products\/canoe-kayak\/pitch-childrens-helmet\/#breadcrumb"},"inLanguage":"en-US","potentialAction":[{"@type":"ReadAction","target":["https:\/\/aquadesign.eu\/en\/boutique\/all-products\/canoe-kayak\/pitch-childrens-helmet\/"]}]},{"@type":"ImageObject","inLanguage":"en-US","@id":"https:\/\/aquadesign.eu\/en\/boutique\/all-products\/canoe-kayak\/pitch-childrens-helmet\/#primaryimage","url":"https:\/\/aquadesign.eu\/wp-content\/uploads\/HE4215-SIMULATION-PITCH-HELMET-EDITION_2023-BLUE-45-WEB.jpg","contentUrl":"https:\/\/aquadesign.eu\/wp-content\/uploads\/HE4215-SIMULATION-PITCH-HELMET-EDITION_2023-BLUE-45-WEB.jpg","width":1080,"height":1080,"caption":"Casque pitch enfant bleu pour kayak, rafting et autres activit\u00e9s"},{"@type":"BreadcrumbList","@id":"https:\/\/aquadesign.eu\/en\/boutique\/all-products\/canoe-kayak\/pitch-childrens-helmet\/#breadcrumb","itemListElement":[{"@type":"ListItem","position":1,"name":"Accueil","item":"https:\/\/aquadesign.eu\/en\/accueil-2-2\/"},{"@type":"ListItem","position":2,"name":"Shop","item":"https:\/\/aquadesign.eu\/en\/shop\/"},{"@type":"ListItem","position":3,"name":"PITCH CHILDREN&rsquo;S HELMET"}]},{"@type":"WebSite","@id":"https:\/\/aquadesign.eu\/en\/#website","url":"https:\/\/aquadesign.eu\/en\/","name":"AQUADESIGN","description":"The whitewater company","potentialAction":[{"@type":"SearchAction","target":{"@type":"EntryPoint","urlTemplate":"https:\/\/aquadesign.eu\/en\/?s={search_term_string}"},"query-input":{"@type":"PropertyValueSpecification","valueRequired":true,"valueName":"search_term_string"}}],"inLanguage":"en-US"}]}},"_links":{"self":[{"href":"https:\/\/aquadesign.eu\/en\/wp-json\/wp\/v2\/product\/36101","targetHints":{"allow":["GET"]}}],"collection":[{"href":"https:\/\/aquadesign.eu\/en\/wp-json\/wp\/v2\/product"}],"about":[{"href":"https:\/\/aquadesign.eu\/en\/wp-json\/wp\/v2\/types\/product"}],"replies":[{"embeddable":true,"href":"https:\/\/aquadesign.eu\/en\/wp-json\/wp\/v2\/comments?post=36101"}],"wp:featuredmedia":[{"embeddable":true,"href":"https:\/\/aquadesign.eu\/en\/wp-json\/wp\/v2\/media\/54740"}],"wp:attachment":[{"href":"https:\/\/aquadesign.eu\/en\/wp-json\/wp\/v2\/media?parent=36101"}],"wp:term":[{"taxonomy":"product_brand","embeddable":true,"href":"https:\/\/aquadesign.eu\/en\/wp-json\/wp\/v2\/product_brand?post=36101"},{"taxonomy":"product_cat","embeddable":true,"href":"https:\/\/aquadesign.eu\/en\/wp-json\/wp\/v2\/product_cat?post=36101"},{"taxonomy":"product_tag","embeddable":true,"href":"https:\/\/aquadesign.eu\/en\/wp-json\/wp\/v2\/product_tag?post=36101"}],"curies":[{"name":"wp","href":"https:\/\/api.w.org\/{rel}","templated":true}]}}