{"id":38847,"date":"2021-02-19T12:49:56","date_gmt":"2021-02-19T11:49:56","guid":{"rendered":"http:\/\/aquadesign.eu\/produit\/lava-inflatable-sup\/"},"modified":"2023-08-25T18:07:01","modified_gmt":"2023-08-25T17:07:01","slug":"lava-inflatable-sup","status":"publish","type":"product","link":"https:\/\/aquadesign.eu\/en\/boutique\/all-products\/stand-up-paddle\/sup-boards-stand-up-paddle\/inflatables-sup-boards-stand-up-paddle\/allround\/lava-inflatable-sup\/","title":{"rendered":"9&#8217;8&#8243; LAVA INFLATABLE SUP COMBO PACK"},"content":{"rendered":"<p>[et_pb_section fb_built=&#8221;1&#8243; _builder_version=&#8221;4.16&#8243; custom_padding=&#8221;0px||||false|false&#8221; global_colors_info=&#8221;{}&#8221;][et_pb_row _builder_version=&#8221;4.16&#8243; background_size=&#8221;initial&#8221; background_position=&#8221;top_left&#8221; background_repeat=&#8221;repeat&#8221; width=&#8221;100%&#8221; custom_padding=&#8221;0px||0px||false|false&#8221; global_colors_info=&#8221;{}&#8221;][et_pb_column type=&#8221;4_4&#8243; _builder_version=&#8221;4.16&#8243; custom_padding=&#8221;|||&#8221; global_colors_info=&#8221;{}&#8221; custom_padding__hover=&#8221;|||&#8221;][et_pb_wc_breadcrumb admin_label=&#8221;FIL D&#8217;ARIANE&#8221; _builder_version=&#8221;4.16&#8243; global_colors_info=&#8221;{}&#8221;][\/et_pb_wc_breadcrumb][et_pb_wc_cart_notice admin_label=&#8221;NOTIFICATION PANIER&#8221; _builder_version=&#8221;4.16&#8243; global_colors_info=&#8221;{}&#8221;][\/et_pb_wc_cart_notice][\/et_pb_column][\/et_pb_row][et_pb_row column_structure=&#8221;1_2,1_2&#8243; _builder_version=&#8221;4.16&#8243; background_size=&#8221;initial&#8221; background_position=&#8221;top_left&#8221; background_repeat=&#8221;repeat&#8221; width=&#8221;100%&#8221; custom_padding=&#8221;0px||||false|false&#8221; global_colors_info=&#8221;{}&#8221;][et_pb_column type=&#8221;1_2&#8243; _builder_version=&#8221;4.16&#8243; custom_padding=&#8221;|||&#8221; global_colors_info=&#8221;{}&#8221; custom_padding__hover=&#8221;|||&#8221;][et_pb_wc_images admin_label=&#8221;PHOTOS PACKSHOT&#8221; _builder_version=&#8221;4.16&#8243; global_colors_info=&#8221;{}&#8221;][\/et_pb_wc_images][\/et_pb_column][et_pb_column type=&#8221;1_2&#8243; _builder_version=&#8221;4.16&#8243; custom_padding=&#8221;|||&#8221; global_colors_info=&#8221;{}&#8221; custom_padding__hover=&#8221;|||&#8221;][et_pb_wc_title admin_label=&#8221;TITRE PRODUIT&#8221; _builder_version=&#8221;4.16&#8243; custom_margin_tablet=&#8221;|10px||10px|false|false&#8221; custom_margin_phone=&#8221;|10px||10px|false|false&#8221; custom_margin_last_edited=&#8221;on|phone&#8221; global_colors_info=&#8221;{}&#8221;][\/et_pb_wc_title][et_pb_wc_rating disabled_on=&#8221;off|off|off&#8221; admin_label=&#8221;NOTE AVIS&#8221; _builder_version=&#8221;4.16&#8243; custom_margin_tablet=&#8221;0em|0em|1.618em|1em|false|false&#8221; custom_margin_phone=&#8221;0em|0em|1.618em|1em|false|false&#8221; custom_margin_last_edited=&#8221;on|tablet&#8221; global_colors_info=&#8221;{}&#8221;][\/et_pb_wc_rating][et_pb_wc_price admin_label=&#8221;PRIX&#8221; _builder_version=&#8221;4.16&#8243; custom_margin=&#8221;|||0px|false|false&#8221; custom_margin_tablet=&#8221;|||10px|false|false&#8221; custom_margin_phone=&#8221;|||10px|false|false&#8221; custom_margin_last_edited=&#8221;on|phone&#8221; global_colors_info=&#8221;{}&#8221;][\/et_pb_wc_price][et_pb_wc_description admin_label=&#8221;DESCRIPTION&#8221; _builder_version=&#8221;4.16&#8243; custom_margin=&#8221;|||5px|false|false&#8221; custom_margin_tablet=&#8221;|10px||10px|false|false&#8221; custom_margin_phone=&#8221;|10px||10px|false|false&#8221; custom_margin_last_edited=&#8221;on|tablet&#8221; global_colors_info=&#8221;{}&#8221;][\/et_pb_wc_description][et_pb_text disabled_on=&#8221;on|on|on&#8221; admin_label=&#8221;NEW&#8221; _builder_version=&#8221;4.16&#8243; _module_preset=&#8221;default&#8221; disabled=&#8221;on&#8221; locked=&#8221;off&#8221; global_colors_info=&#8221;{}&#8221;]<\/p>\n<p><img decoding=\"async\" src=\"https:\/\/aquadesign.eu\/docs\/web\/ICON-NEW.svg\" class=\"txt-icons\"> Discover our COMBO PACK now! <\/p>\n<p>[\/et_pb_text][et_pb_text disabled_on=&#8221;on|on|on&#8221; admin_label=&#8221;En rupture&#8221; _builder_version=&#8221;4.16&#8243; _module_preset=&#8221;default&#8221; text_orientation=&#8221;center&#8221; disabled=&#8221;on&#8221; locked=&#8221;off&#8221; global_colors_info=&#8221;{}&#8221;]<\/p>\n<p><img decoding=\"async\" src=\"https:\/\/aquadesign.eu\/wp-content\/uploads\/PICTO-NON_DISPO-NOUS_CONTACTER.svg\" class=\"txt-icons\">Product currently out of stock!<\/p>\n<p>[\/et_pb_text][et_pb_text disabled_on=&#8221;on|on|on&#8221; admin_label=&#8221;Pr\u00e9commande&#8221; _builder_version=&#8221;4.16&#8243; _module_preset=&#8221;default&#8221; disabled=&#8221;on&#8221; locked=&#8221;off&#8221; global_colors_info=&#8221;{}&#8221;]<\/p>\n<p><img decoding=\"async\" src=\"https:\/\/aquadesign.eu\/wp-content\/uploads\/PICTO-NON_DISPO-NOUS_CONTACTER.svg\" class=\"txt-icons\">Produit actuellement en rupture ! <\/p>\n<p>Disponible en pr\u00e9commande (exp\u00e9dition \u00e0 partir du 12 juillet)<\/p>\n<p>[\/et_pb_text][et_pb_wc_add_to_cart admin_label=&#8221;CTA AJOUTER AU PANIER&#8221; _builder_version=&#8221;4.16&#8243; global_colors_info=&#8221;{}&#8221;][\/et_pb_wc_add_to_cart][et_pb_wc_meta admin_label=&#8221;META DESCRIPTION&#8221; _builder_version=&#8221;4.16&#8243; custom_margin_tablet=&#8221;&#8221; custom_margin_phone=&#8221;|10px||10px|false|false&#8221; custom_margin_last_edited=&#8221;on|phone&#8221; global_colors_info=&#8221;{}&#8221;][\/et_pb_wc_meta][et_pb_image src=&#8221;https:\/\/aquadesign.eu\/wp-content\/uploads\/2019\/12\/LOGO-KONG.png&#8221; disabled_on=&#8221;on|on|on&#8221; admin_label=&#8221;LOGO MARQUE&#8221; _builder_version=&#8221;4.16&#8243; max_height=&#8221;65px&#8221; disabled=&#8221;on&#8221; locked=&#8221;off&#8221; global_colors_info=&#8221;{}&#8221;][\/et_pb_image][\/et_pb_column][\/et_pb_row][\/et_pb_section][et_pb_section fb_built=&#8221;1&#8243; disabled_on=&#8221;off|off|off&#8221; _builder_version=&#8221;4.16&#8243; inner_width_tablet=&#8221;50px&#8221; inner_max_width_tablet=&#8221;50px&#8221; custom_margin=&#8221;0px||0px|&#8221; custom_padding=&#8221;0px||0px|&#8221; z_index_tablet=&#8221;500&#8243; global_colors_info=&#8221;{}&#8221;][et_pb_row use_custom_gutter=&#8221;on&#8221; gutter_width=&#8221;1&#8243; make_equal=&#8221;on&#8221; module_class=&#8221; et_pb_row_fullwidth et_pb_row_fullwidth et_pb_row_fullwidth et_pb_row_fullwidth et_pb_row_fullwidth&#8221; _builder_version=&#8221;4.16&#8243; width=&#8221;100%&#8221; width_tablet=&#8221;100%&#8221; width_phone=&#8221;&#8221; width_last_edited=&#8221;on|desktop&#8221; max_width=&#8221;100%&#8221; max_width_tablet=&#8221;100%&#8221; max_width_phone=&#8221;&#8221; max_width_last_edited=&#8221;on|desktop&#8221; custom_margin=&#8221;0px||0px|&#8221; custom_padding=&#8221;0px||0px|&#8221; make_fullwidth=&#8221;on&#8221; global_colors_info=&#8221;{}&#8221;][et_pb_column type=&#8221;4_4&#8243; _builder_version=&#8221;4.16&#8243; custom_padding=&#8221;|||&#8221; global_colors_info=&#8221;{}&#8221; custom_padding__hover=&#8221;|||&#8221;][et_pb_gallery gallery_ids=&#8221;45989,45997,45981,45993,45977,45973,45969,45985&#8243; posts_number=&#8221;8&#8243; show_title_and_caption=&#8221;off&#8221; show_pagination=&#8221;off&#8221; disabled_on=&#8221;off|off|off&#8221; admin_label=&#8221;GALERIE IN SITU&#8221; _builder_version=&#8221;4.16&#8243; custom_margin=&#8221;0px||0px|&#8221; custom_padding=&#8221;0px||0px|&#8221; animation_style=&#8221;fade&#8221; z_index_tablet=&#8221;500&#8243; title_text_shadow_horizontal_length_tablet=&#8221;0px&#8221; title_text_shadow_vertical_length_tablet=&#8221;0px&#8221; title_text_shadow_blur_strength_tablet=&#8221;1px&#8221; caption_text_shadow_horizontal_length_tablet=&#8221;0px&#8221; caption_text_shadow_vertical_length_tablet=&#8221;0px&#8221; caption_text_shadow_blur_strength_tablet=&#8221;1px&#8221; pagination_text_shadow_horizontal_length_tablet=&#8221;0px&#8221; pagination_text_shadow_vertical_length_tablet=&#8221;0px&#8221; pagination_text_shadow_blur_strength_tablet=&#8221;1px&#8221; box_shadow_horizontal_tablet=&#8221;0px&#8221; box_shadow_vertical_tablet=&#8221;0px&#8221; box_shadow_blur_tablet=&#8221;40px&#8221; box_shadow_spread_tablet=&#8221;0px&#8221; box_shadow_horizontal_image_tablet=&#8221;0px&#8221; box_shadow_vertical_image_tablet=&#8221;0px&#8221; box_shadow_blur_image_tablet=&#8221;40px&#8221; box_shadow_spread_image_tablet=&#8221;0px&#8221; text_shadow_horizontal_length_tablet=&#8221;0px&#8221; text_shadow_vertical_length_tablet=&#8221;0px&#8221; text_shadow_blur_strength_tablet=&#8221;1px&#8221; locked=&#8221;off&#8221; global_colors_info=&#8221;{}&#8221;][\/et_pb_gallery][et_pb_wc_tabs active_tab_background_color=&#8221;#ffffff&#8221; inactive_tab_background_color=&#8221;#e7e7e7&#8243; active_tab_text_color=&#8221;#bdbdbd&#8221; include_tabs=&#8221;|additional_information|&#8221; admin_label=&#8221;INFOS COMPLEMENTAIRES&#8221; _builder_version=&#8221;4.16&#8243; tab_text_color=&#8221;#ffffff&#8221; tab_font=&#8221;|||on|||||&#8221; tab_letter_spacing=&#8221;3px&#8221; tab_line_height=&#8221;3.5em&#8221; custom_margin=&#8221;50px||||false|false&#8221; global_colors_info=&#8221;{}&#8221; custom_css_tabs_content__hover_enabled=&#8221;off|desktop&#8221; custom_css_tabs_content_last_edited=&#8221;off|desktop&#8221;]\t\t\t\t\t[\/et_pb_wc_tabs][et_pb_wc_tabs active_tab_background_color=&#8221;#ffffff&#8221; inactive_tab_background_color=&#8221;#e7e7e7&#8243; active_tab_text_color=&#8221;#bdbdbd&#8221; include_tabs=&#8221;description|&#8221; admin_label=&#8221;DESCRIPTION&#8221; _builder_version=&#8221;4.16&#8243; tab_text_color=&#8221;#ffffff&#8221; tab_font=&#8221;|||on|||||&#8221; tab_letter_spacing=&#8221;3px&#8221; tab_line_height=&#8221;3.5em&#8221; custom_margin=&#8221;50px||||false|false&#8221; global_colors_info=&#8221;{}&#8221; custom_css_tabs_content__hover_enabled=&#8221;off|desktop&#8221; custom_css_tabs_content_last_edited=&#8221;off|desktop&#8221;]\t\t\t\t\t[\/et_pb_wc_tabs][et_pb_video disabled_on=&#8221;on|on|on&#8221; admin_label=&#8221;VIDEO&#8221; _builder_version=&#8221;4.16&#8243; disabled=&#8221;on&#8221; global_colors_info=&#8221;{}&#8221;][\/et_pb_video][\/et_pb_column][\/et_pb_row][et_pb_row _builder_version=&#8221;4.16&#8243; background_size=&#8221;initial&#8221; background_position=&#8221;top_left&#8221; background_repeat=&#8221;repeat&#8221; width=&#8221;100%&#8221; global_colors_info=&#8221;{}&#8221;][et_pb_column type=&#8221;4_4&#8243; _builder_version=&#8221;4.16&#8243; custom_padding=&#8221;|||&#8221; global_colors_info=&#8221;{}&#8221; custom_padding__hover=&#8221;|||&#8221;][et_pb_wc_related_products admin_label=&#8221;PRODUITS SIMILAIRES&#8221; _builder_version=&#8221;4.16&#8243; global_colors_info=&#8221;{}&#8221;][\/et_pb_wc_related_products][\/et_pb_column][\/et_pb_row][et_pb_row _builder_version=&#8221;4.16&#8243; background_size=&#8221;initial&#8221; background_position=&#8221;top_left&#8221; background_repeat=&#8221;repeat&#8221; width=&#8221;100%&#8221; global_colors_info=&#8221;{}&#8221;][et_pb_column type=&#8221;4_4&#8243; _builder_version=&#8221;4.16&#8243; custom_padding=&#8221;|||&#8221; global_colors_info=&#8221;{}&#8221; custom_padding__hover=&#8221;|||&#8221;][et_pb_wc_upsells admin_label=&#8221;Woo Upsell&#8221; _builder_version=&#8221;4.16&#8243; global_colors_info=&#8221;{}&#8221;][\/et_pb_wc_upsells][et_pb_wc_related_products admin_label=&#8221;PRODUITS SIMILAIRES&#8221; _builder_version=&#8221;4.16&#8243; global_colors_info=&#8221;{}&#8221;][\/et_pb_wc_related_products][\/et_pb_column][\/et_pb_row][\/et_pb_section]<\/p>\n","protected":false},"excerpt":{"rendered":"<p>The Lava inflatable SUP boasts a flamboyant design. This 9&#8217;8&#8243; board offers real versatility at a great price.<\/p>\n<p>The lightweight drop stitch construction, combined with the kayak seat bindings, allows the Lava board to support all your needs. Lava is an authentic gem on the water!<\/p>\n","protected":false},"featured_media":45315,"comment_status":"closed","ping_status":"closed","template":"","meta":{"_et_pb_use_builder":"on","_et_pb_old_content":"The Lava inflatable SUP has a flamboyant design. This 9'8\" board offers real versatility at a very attractive price. The lightweight drop-stitch construction, combined with the kayak seat bindings, allows the Lava board to meet all your needs. Lava is a true gem on the water!\r\n\r\nStarting now the LAVA 9'8\" SUP is sold as a COMBO PACK which consists of the Lava 9'8\" board, a Fusion Kayak Seat, a convertible 3-piece paddle, a high pressure hand pump, a backpack-style SUP carry bag, a leash and a removable fin.\r\n\r\nThe LAVA 9'8\" is a 2-in-1 board that will accompany you throughout the year, and thanks to its format, will allow you to evolve in the blink of an eye!","_et_gb_content_width":"","content-type":"","inline_featured_image":false},"product_brand":[],"product_cat":[247,252,402,311,248,246,310],"product_tag":[250],"class_list":{"0":"post-38847","1":"product","2":"type-product","3":"status-publish","4":"has-post-thumbnail","6":"product_cat-all-products","7":"product_cat-allround","8":"product_cat-combo-pack","9":"product_cat-inflatables-sup-boards-stand-up-paddle","10":"product_cat-news-all-products","11":"product_cat-stand-up-paddle","12":"product_cat-sup-boards-stand-up-paddle","13":"product_tag-stand-up-paddle-en","15":"first","16":"instock","17":"taxable","18":"shipping-taxable","19":"purchasable","20":"product-type-simple"},"yoast_head":"<!-- This site is optimized with the Yoast SEO plugin v25.4 - https:\/\/yoast.com\/wordpress\/plugins\/seo\/ -->\n<title>LAVA INFLATABLE SUP -PADDLE BOARD - AQUADESIGN<\/title>\n<meta name=\"description\" content=\"The Lava Aquadesign Inflatable Stand Up Paddle was designed to be a versatile, lightweight and amazing board on the water.\" \/>\n<meta name=\"robots\" content=\"index, follow, max-snippet:-1, max-image-preview:large, max-video-preview:-1\" \/>\n<link rel=\"canonical\" href=\"https:\/\/aquadesign.eu\/en\/boutique\/all-products\/stand-up-paddle\/sup-boards-stand-up-paddle\/inflatables-sup-boards-stand-up-paddle\/allround\/lava-inflatable-sup\/\" \/>\n<meta property=\"og:locale\" content=\"en_US\" \/>\n<meta property=\"og:type\" content=\"article\" \/>\n<meta property=\"og:title\" content=\"LAVA INFLATABLE SUP -PADDLE BOARD - AQUADESIGN\" \/>\n<meta property=\"og:description\" content=\"The Lava Aquadesign Inflatable Stand Up Paddle was designed to be a versatile, lightweight and amazing board on the water.\" \/>\n<meta property=\"og:url\" content=\"https:\/\/aquadesign.eu\/en\/boutique\/all-products\/stand-up-paddle\/sup-boards-stand-up-paddle\/inflatables-sup-boards-stand-up-paddle\/allround\/lava-inflatable-sup\/\" \/>\n<meta property=\"og:site_name\" content=\"AQUADESIGN\" \/>\n<meta property=\"article:publisher\" content=\"https:\/\/www.facebook.com\/Aquadesign-123940421010907\" \/>\n<meta property=\"article:modified_time\" content=\"2023-08-25T17:07:01+00:00\" \/>\n<meta property=\"og:image\" content=\"https:\/\/aquadesign.eu\/wp-content\/uploads\/PACK-STAND_UP_PADDLE_BOARD-KAYAK-LB7563-SUP-LAVA-98x32x5-WEB.jpg\" \/>\n\t<meta property=\"og:image:width\" content=\"1080\" \/>\n\t<meta property=\"og:image:height\" content=\"1080\" \/>\n\t<meta property=\"og:image:type\" content=\"image\/jpeg\" \/>\n<meta name=\"twitter:card\" content=\"summary_large_image\" \/>\n<meta name=\"twitter:label1\" content=\"Est. reading time\" \/>\n\t<meta name=\"twitter:data1\" content=\"3 minutes\" \/>\n<script type=\"application\/ld+json\" class=\"yoast-schema-graph\">{\"@context\":\"https:\/\/schema.org\",\"@graph\":[{\"@type\":\"WebPage\",\"@id\":\"https:\/\/aquadesign.eu\/en\/boutique\/all-products\/stand-up-paddle\/sup-boards-stand-up-paddle\/inflatables-sup-boards-stand-up-paddle\/allround\/lava-inflatable-sup\/\",\"url\":\"https:\/\/aquadesign.eu\/en\/boutique\/all-products\/stand-up-paddle\/sup-boards-stand-up-paddle\/inflatables-sup-boards-stand-up-paddle\/allround\/lava-inflatable-sup\/\",\"name\":\"LAVA INFLATABLE SUP -PADDLE BOARD - AQUADESIGN\",\"isPartOf\":{\"@id\":\"https:\/\/aquadesign.eu\/en\/#website\"},\"primaryImageOfPage\":{\"@id\":\"https:\/\/aquadesign.eu\/en\/boutique\/all-products\/stand-up-paddle\/sup-boards-stand-up-paddle\/inflatables-sup-boards-stand-up-paddle\/allround\/lava-inflatable-sup\/#primaryimage\"},\"image\":{\"@id\":\"https:\/\/aquadesign.eu\/en\/boutique\/all-products\/stand-up-paddle\/sup-boards-stand-up-paddle\/inflatables-sup-boards-stand-up-paddle\/allround\/lava-inflatable-sup\/#primaryimage\"},\"thumbnailUrl\":\"https:\/\/aquadesign.eu\/wp-content\/uploads\/PACK-STAND_UP_PADDLE_BOARD-KAYAK-LB7563-SUP-LAVA-98x32x5-WEB.jpg\",\"datePublished\":\"2021-02-19T11:49:56+00:00\",\"dateModified\":\"2023-08-25T17:07:01+00:00\",\"description\":\"The Lava Aquadesign Inflatable Stand Up Paddle was designed to be a versatile, lightweight and amazing board on the water.\",\"breadcrumb\":{\"@id\":\"https:\/\/aquadesign.eu\/en\/boutique\/all-products\/stand-up-paddle\/sup-boards-stand-up-paddle\/inflatables-sup-boards-stand-up-paddle\/allround\/lava-inflatable-sup\/#breadcrumb\"},\"inLanguage\":\"en-US\",\"potentialAction\":[{\"@type\":\"ReadAction\",\"target\":[\"https:\/\/aquadesign.eu\/en\/boutique\/all-products\/stand-up-paddle\/sup-boards-stand-up-paddle\/inflatables-sup-boards-stand-up-paddle\/allround\/lava-inflatable-sup\/\"]}]},{\"@type\":\"ImageObject\",\"inLanguage\":\"en-US\",\"@id\":\"https:\/\/aquadesign.eu\/en\/boutique\/all-products\/stand-up-paddle\/sup-boards-stand-up-paddle\/inflatables-sup-boards-stand-up-paddle\/allround\/lava-inflatable-sup\/#primaryimage\",\"url\":\"https:\/\/aquadesign.eu\/wp-content\/uploads\/PACK-STAND_UP_PADDLE_BOARD-KAYAK-LB7563-SUP-LAVA-98x32x5-WEB.jpg\",\"contentUrl\":\"https:\/\/aquadesign.eu\/wp-content\/uploads\/PACK-STAND_UP_PADDLE_BOARD-KAYAK-LB7563-SUP-LAVA-98x32x5-WEB.jpg\",\"width\":1080,\"height\":1080,\"caption\":\"PACK-STAND_UP_PADDLE_BOARD-KAYAK-LB7563-SUP-LAVA-9'8x32''x5''-WEB\"},{\"@type\":\"BreadcrumbList\",\"@id\":\"https:\/\/aquadesign.eu\/en\/boutique\/all-products\/stand-up-paddle\/sup-boards-stand-up-paddle\/inflatables-sup-boards-stand-up-paddle\/allround\/lava-inflatable-sup\/#breadcrumb\",\"itemListElement\":[{\"@type\":\"ListItem\",\"position\":1,\"name\":\"Accueil\",\"item\":\"https:\/\/aquadesign.eu\/en\/accueil-2-2\/\"},{\"@type\":\"ListItem\",\"position\":2,\"name\":\"Shop\",\"item\":\"https:\/\/aquadesign.eu\/en\/shop\/\"},{\"@type\":\"ListItem\",\"position\":3,\"name\":\"9&#8217;8&#8243; LAVA INFLATABLE SUP COMBO PACK\"}]},{\"@type\":\"WebSite\",\"@id\":\"https:\/\/aquadesign.eu\/en\/#website\",\"url\":\"https:\/\/aquadesign.eu\/en\/\",\"name\":\"AQUADESIGN\",\"description\":\"The whitewater company\",\"potentialAction\":[{\"@type\":\"SearchAction\",\"target\":{\"@type\":\"EntryPoint\",\"urlTemplate\":\"https:\/\/aquadesign.eu\/en\/?s={search_term_string}\"},\"query-input\":{\"@type\":\"PropertyValueSpecification\",\"valueRequired\":true,\"valueName\":\"search_term_string\"}}],\"inLanguage\":\"en-US\"}]}<\/script>\n<!-- \/ Yoast SEO plugin. -->","yoast_head_json":{"title":"LAVA INFLATABLE SUP -PADDLE BOARD - AQUADESIGN","description":"The Lava Aquadesign Inflatable Stand Up Paddle was designed to be a versatile, lightweight and amazing board on the water.","robots":{"index":"index","follow":"follow","max-snippet":"max-snippet:-1","max-image-preview":"max-image-preview:large","max-video-preview":"max-video-preview:-1"},"canonical":"https:\/\/aquadesign.eu\/en\/boutique\/all-products\/stand-up-paddle\/sup-boards-stand-up-paddle\/inflatables-sup-boards-stand-up-paddle\/allround\/lava-inflatable-sup\/","og_locale":"en_US","og_type":"article","og_title":"LAVA INFLATABLE SUP -PADDLE BOARD - AQUADESIGN","og_description":"The Lava Aquadesign Inflatable Stand Up Paddle was designed to be a versatile, lightweight and amazing board on the water.","og_url":"https:\/\/aquadesign.eu\/en\/boutique\/all-products\/stand-up-paddle\/sup-boards-stand-up-paddle\/inflatables-sup-boards-stand-up-paddle\/allround\/lava-inflatable-sup\/","og_site_name":"AQUADESIGN","article_publisher":"https:\/\/www.facebook.com\/Aquadesign-123940421010907","article_modified_time":"2023-08-25T17:07:01+00:00","og_image":[{"width":1080,"height":1080,"url":"https:\/\/aquadesign.eu\/wp-content\/uploads\/PACK-STAND_UP_PADDLE_BOARD-KAYAK-LB7563-SUP-LAVA-98x32x5-WEB.jpg","type":"image\/jpeg"}],"twitter_card":"summary_large_image","twitter_misc":{"Est. reading time":"3 minutes"},"schema":{"@context":"https:\/\/schema.org","@graph":[{"@type":"WebPage","@id":"https:\/\/aquadesign.eu\/en\/boutique\/all-products\/stand-up-paddle\/sup-boards-stand-up-paddle\/inflatables-sup-boards-stand-up-paddle\/allround\/lava-inflatable-sup\/","url":"https:\/\/aquadesign.eu\/en\/boutique\/all-products\/stand-up-paddle\/sup-boards-stand-up-paddle\/inflatables-sup-boards-stand-up-paddle\/allround\/lava-inflatable-sup\/","name":"LAVA INFLATABLE SUP -PADDLE BOARD - AQUADESIGN","isPartOf":{"@id":"https:\/\/aquadesign.eu\/en\/#website"},"primaryImageOfPage":{"@id":"https:\/\/aquadesign.eu\/en\/boutique\/all-products\/stand-up-paddle\/sup-boards-stand-up-paddle\/inflatables-sup-boards-stand-up-paddle\/allround\/lava-inflatable-sup\/#primaryimage"},"image":{"@id":"https:\/\/aquadesign.eu\/en\/boutique\/all-products\/stand-up-paddle\/sup-boards-stand-up-paddle\/inflatables-sup-boards-stand-up-paddle\/allround\/lava-inflatable-sup\/#primaryimage"},"thumbnailUrl":"https:\/\/aquadesign.eu\/wp-content\/uploads\/PACK-STAND_UP_PADDLE_BOARD-KAYAK-LB7563-SUP-LAVA-98x32x5-WEB.jpg","datePublished":"2021-02-19T11:49:56+00:00","dateModified":"2023-08-25T17:07:01+00:00","description":"The Lava Aquadesign Inflatable Stand Up Paddle was designed to be a versatile, lightweight and amazing board on the water.","breadcrumb":{"@id":"https:\/\/aquadesign.eu\/en\/boutique\/all-products\/stand-up-paddle\/sup-boards-stand-up-paddle\/inflatables-sup-boards-stand-up-paddle\/allround\/lava-inflatable-sup\/#breadcrumb"},"inLanguage":"en-US","potentialAction":[{"@type":"ReadAction","target":["https:\/\/aquadesign.eu\/en\/boutique\/all-products\/stand-up-paddle\/sup-boards-stand-up-paddle\/inflatables-sup-boards-stand-up-paddle\/allround\/lava-inflatable-sup\/"]}]},{"@type":"ImageObject","inLanguage":"en-US","@id":"https:\/\/aquadesign.eu\/en\/boutique\/all-products\/stand-up-paddle\/sup-boards-stand-up-paddle\/inflatables-sup-boards-stand-up-paddle\/allround\/lava-inflatable-sup\/#primaryimage","url":"https:\/\/aquadesign.eu\/wp-content\/uploads\/PACK-STAND_UP_PADDLE_BOARD-KAYAK-LB7563-SUP-LAVA-98x32x5-WEB.jpg","contentUrl":"https:\/\/aquadesign.eu\/wp-content\/uploads\/PACK-STAND_UP_PADDLE_BOARD-KAYAK-LB7563-SUP-LAVA-98x32x5-WEB.jpg","width":1080,"height":1080,"caption":"PACK-STAND_UP_PADDLE_BOARD-KAYAK-LB7563-SUP-LAVA-9'8x32''x5''-WEB"},{"@type":"BreadcrumbList","@id":"https:\/\/aquadesign.eu\/en\/boutique\/all-products\/stand-up-paddle\/sup-boards-stand-up-paddle\/inflatables-sup-boards-stand-up-paddle\/allround\/lava-inflatable-sup\/#breadcrumb","itemListElement":[{"@type":"ListItem","position":1,"name":"Accueil","item":"https:\/\/aquadesign.eu\/en\/accueil-2-2\/"},{"@type":"ListItem","position":2,"name":"Shop","item":"https:\/\/aquadesign.eu\/en\/shop\/"},{"@type":"ListItem","position":3,"name":"9&#8217;8&#8243; LAVA INFLATABLE SUP COMBO PACK"}]},{"@type":"WebSite","@id":"https:\/\/aquadesign.eu\/en\/#website","url":"https:\/\/aquadesign.eu\/en\/","name":"AQUADESIGN","description":"The whitewater company","potentialAction":[{"@type":"SearchAction","target":{"@type":"EntryPoint","urlTemplate":"https:\/\/aquadesign.eu\/en\/?s={search_term_string}"},"query-input":{"@type":"PropertyValueSpecification","valueRequired":true,"valueName":"search_term_string"}}],"inLanguage":"en-US"}]}},"_links":{"self":[{"href":"https:\/\/aquadesign.eu\/en\/wp-json\/wp\/v2\/product\/38847","targetHints":{"allow":["GET"]}}],"collection":[{"href":"https:\/\/aquadesign.eu\/en\/wp-json\/wp\/v2\/product"}],"about":[{"href":"https:\/\/aquadesign.eu\/en\/wp-json\/wp\/v2\/types\/product"}],"replies":[{"embeddable":true,"href":"https:\/\/aquadesign.eu\/en\/wp-json\/wp\/v2\/comments?post=38847"}],"wp:featuredmedia":[{"embeddable":true,"href":"https:\/\/aquadesign.eu\/en\/wp-json\/wp\/v2\/media\/45315"}],"wp:attachment":[{"href":"https:\/\/aquadesign.eu\/en\/wp-json\/wp\/v2\/media?parent=38847"}],"wp:term":[{"taxonomy":"product_brand","embeddable":true,"href":"https:\/\/aquadesign.eu\/en\/wp-json\/wp\/v2\/product_brand?post=38847"},{"taxonomy":"product_cat","embeddable":true,"href":"https:\/\/aquadesign.eu\/en\/wp-json\/wp\/v2\/product_cat?post=38847"},{"taxonomy":"product_tag","embeddable":true,"href":"https:\/\/aquadesign.eu\/en\/wp-json\/wp\/v2\/product_tag?post=38847"}],"curies":[{"name":"wp","href":"https:\/\/api.w.org\/{rel}","templated":true}]}}