{"id":52126,"date":"2023-06-15T15:22:52","date_gmt":"2023-06-16T12:19:14","guid":{"rendered":"https:\/\/aquadesign.eu\/boutique\/uncategorized\/pvc-repair-kit\/"},"modified":"2025-06-11T09:26:54","modified_gmt":"2025-06-11T08:26:54","slug":"pvc-repair-kit","status":"publish","type":"product","link":"https:\/\/aquadesign.eu\/en\/boutique\/all-products\/canoe-kayak\/pvc-repair-kit\/","title":{"rendered":"PVC REPAIR KIT"},"content":{"rendered":"<p>[et_pb_section fb_built=&#8221;1&#8243; _builder_version=&#8221;4.16&#8243; custom_padding=&#8221;0px||||false|false&#8221; global_colors_info=&#8221;{}&#8221;][et_pb_row _builder_version=&#8221;4.16&#8243; background_size=&#8221;initial&#8221; background_position=&#8221;top_left&#8221; background_repeat=&#8221;repeat&#8221; width=&#8221;100%&#8221; custom_padding=&#8221;0px||0px||false|false&#8221; global_colors_info=&#8221;{}&#8221;][et_pb_column type=&#8221;4_4&#8243; _builder_version=&#8221;4.16&#8243; custom_padding=&#8221;|||&#8221; global_colors_info=&#8221;{}&#8221; custom_padding__hover=&#8221;|||&#8221;][et_pb_wc_breadcrumb admin_label=&#8221;FIL D&#8217;ARIANE&#8221; _builder_version=&#8221;4.16&#8243; global_colors_info=&#8221;{}&#8221;][\/et_pb_wc_breadcrumb][et_pb_wc_cart_notice admin_label=&#8221;NOTIFICATION PANIER&#8221; _builder_version=&#8221;4.16&#8243; global_colors_info=&#8221;{}&#8221;][\/et_pb_wc_cart_notice][\/et_pb_column][\/et_pb_row][et_pb_row column_structure=&#8221;1_2,1_2&#8243; _builder_version=&#8221;4.16&#8243; background_size=&#8221;initial&#8221; background_position=&#8221;top_left&#8221; background_repeat=&#8221;repeat&#8221; width=&#8221;100%&#8221; custom_padding=&#8221;0px||||false|false&#8221; global_colors_info=&#8221;{}&#8221;][et_pb_column type=&#8221;1_2&#8243; _builder_version=&#8221;4.16&#8243; custom_padding=&#8221;|||&#8221; global_colors_info=&#8221;{}&#8221; custom_padding__hover=&#8221;|||&#8221;][et_pb_wc_images admin_label=&#8221;PHOTOS PACKSHOT&#8221; _builder_version=&#8221;4.16&#8243; global_colors_info=&#8221;{}&#8221;][\/et_pb_wc_images][\/et_pb_column][et_pb_column type=&#8221;1_2&#8243; _builder_version=&#8221;4.16&#8243; custom_padding=&#8221;|||&#8221; global_colors_info=&#8221;{}&#8221; custom_padding__hover=&#8221;|||&#8221;][et_pb_wc_title admin_label=&#8221;TITRE PRODUIT&#8221; _builder_version=&#8221;4.16&#8243; global_colors_info=&#8221;{}&#8221;][\/et_pb_wc_title][et_pb_wc_rating disabled_on=&#8221;off|off|off&#8221; admin_label=&#8221;NOTE AVIS&#8221; _builder_version=&#8221;4.16&#8243; global_colors_info=&#8221;{}&#8221;][\/et_pb_wc_rating][et_pb_wc_price admin_label=&#8221;PRIX&#8221; _builder_version=&#8221;4.16&#8243; global_colors_info=&#8221;{}&#8221;][\/et_pb_wc_price][et_pb_wc_description admin_label=&#8221;DESCRIPTION&#8221; _builder_version=&#8221;4.16&#8243; global_colors_info=&#8221;{}&#8221;][\/et_pb_wc_description][et_pb_wc_add_to_cart admin_label=&#8221;CTA AJOUTER AU PANIER&#8221; _builder_version=&#8221;4.16&#8243; global_colors_info=&#8221;{}&#8221;][\/et_pb_wc_add_to_cart][et_pb_wc_meta admin_label=&#8221;META DESCRIPTION&#8221; _builder_version=&#8221;4.16&#8243; global_colors_info=&#8221;{}&#8221;][\/et_pb_wc_meta][et_pb_image src=&#8221;https:\/\/aquadesign.eu\/wp-content\/uploads\/2019\/12\/LOGO-KONG.png&#8221; disabled_on=&#8221;on|on|on&#8221; admin_label=&#8221;LOGO MARQUE&#8221; _builder_version=&#8221;4.16&#8243; max_height=&#8221;65px&#8221; disabled=&#8221;on&#8221; locked=&#8221;off&#8221; global_colors_info=&#8221;{}&#8221;][\/et_pb_image][\/et_pb_column][\/et_pb_row][\/et_pb_section][et_pb_section fb_built=&#8221;1&#8243; disabled_on=&#8221;off|off|off&#8221; _builder_version=&#8221;4.16&#8243; inner_width_tablet=&#8221;50px&#8221; inner_max_width_tablet=&#8221;50px&#8221; custom_margin=&#8221;0px||0px|&#8221; custom_padding=&#8221;0px||0px|&#8221; z_index_tablet=&#8221;500&#8243; global_colors_info=&#8221;{}&#8221;][et_pb_row use_custom_gutter=&#8221;on&#8221; gutter_width=&#8221;1&#8243; make_equal=&#8221;on&#8221; module_class=&#8221; et_pb_row_fullwidth et_pb_row_fullwidth et_pb_row_fullwidth et_pb_row_fullwidth et_pb_row_fullwidth&#8221; _builder_version=&#8221;4.16&#8243; width=&#8221;100%&#8221; width_tablet=&#8221;100%&#8221; width_phone=&#8221;&#8221; width_last_edited=&#8221;on|desktop&#8221; max_width=&#8221;100%&#8221; max_width_tablet=&#8221;100%&#8221; max_width_phone=&#8221;&#8221; max_width_last_edited=&#8221;on|desktop&#8221; custom_margin=&#8221;0px||0px|&#8221; custom_padding=&#8221;0px||0px|&#8221; make_fullwidth=&#8221;on&#8221; global_colors_info=&#8221;{}&#8221;][et_pb_column type=&#8221;4_4&#8243; _builder_version=&#8221;4.16&#8243; custom_padding=&#8221;|||&#8221; global_colors_info=&#8221;{}&#8221; custom_padding__hover=&#8221;|||&#8221;][et_pb_gallery gallery_ids=&#8221;24239,24243,24247,24251&#8243; show_title_and_caption=&#8221;off&#8221; show_pagination=&#8221;off&#8221; zoom_icon_color=&#8221;#000000&#8243; disabled_on=&#8221;on|on|on&#8221; admin_label=&#8221;GALERIE IN SITU&#8221; _builder_version=&#8221;4.16&#8243; custom_margin=&#8221;0px||0px|&#8221; custom_padding=&#8221;0px||0px|&#8221; animation_style=&#8221;fade&#8221; z_index_tablet=&#8221;500&#8243; title_text_shadow_horizontal_length_tablet=&#8221;0px&#8221; title_text_shadow_vertical_length_tablet=&#8221;0px&#8221; title_text_shadow_blur_strength_tablet=&#8221;1px&#8221; caption_text_shadow_horizontal_length_tablet=&#8221;0px&#8221; caption_text_shadow_vertical_length_tablet=&#8221;0px&#8221; caption_text_shadow_blur_strength_tablet=&#8221;1px&#8221; pagination_text_shadow_horizontal_length_tablet=&#8221;0px&#8221; pagination_text_shadow_vertical_length_tablet=&#8221;0px&#8221; pagination_text_shadow_blur_strength_tablet=&#8221;1px&#8221; box_shadow_horizontal_tablet=&#8221;0px&#8221; box_shadow_vertical_tablet=&#8221;0px&#8221; box_shadow_blur_tablet=&#8221;40px&#8221; box_shadow_spread_tablet=&#8221;0px&#8221; box_shadow_horizontal_image_tablet=&#8221;0px&#8221; box_shadow_vertical_image_tablet=&#8221;0px&#8221; box_shadow_blur_image_tablet=&#8221;40px&#8221; box_shadow_spread_image_tablet=&#8221;0px&#8221; text_shadow_horizontal_length_tablet=&#8221;0px&#8221; text_shadow_vertical_length_tablet=&#8221;0px&#8221; text_shadow_blur_strength_tablet=&#8221;1px&#8221; disabled=&#8221;on&#8221; global_colors_info=&#8221;{}&#8221;][\/et_pb_gallery][et_pb_wc_tabs active_tab_background_color=&#8221;#ffffff&#8221; inactive_tab_background_color=&#8221;#e7e7e7&#8243; active_tab_text_color=&#8221;#bdbdbd&#8221; include_tabs=&#8221;|additional_information|&#8221; admin_label=&#8221;INFOS COMPLEMENTAIRES&#8221; _builder_version=&#8221;4.16&#8243; tab_text_color=&#8221;#ffffff&#8221; tab_font=&#8221;|||on|||||&#8221; tab_letter_spacing=&#8221;3px&#8221; tab_line_height=&#8221;3.5em&#8221; custom_margin=&#8221;50px||||false|false&#8221; global_colors_info=&#8221;{}&#8221; custom_css_tabs_content__hover_enabled=&#8221;off|desktop&#8221; custom_css_tabs_content_last_edited=&#8221;off|desktop&#8221;] [\/et_pb_wc_tabs][et_pb_video disabled_on=&#8221;on|on|on&#8221; admin_label=&#8221;VIDEO&#8221; _builder_version=&#8221;4.16&#8243; disabled=&#8221;on&#8221; global_colors_info=&#8221;{}&#8221;][\/et_pb_video][\/et_pb_column][\/et_pb_row][et_pb_row _builder_version=&#8221;4.16&#8243; background_size=&#8221;initial&#8221; background_position=&#8221;top_left&#8221; background_repeat=&#8221;repeat&#8221; width=&#8221;100%&#8221; global_colors_info=&#8221;{}&#8221;][et_pb_column type=&#8221;4_4&#8243; _builder_version=&#8221;4.16&#8243; custom_padding=&#8221;|||&#8221; global_colors_info=&#8221;{}&#8221; custom_padding__hover=&#8221;|||&#8221;][et_pb_wc_upsells admin_label=&#8221;Woo Upsell&#8221; _builder_version=&#8221;4.16&#8243; global_colors_info=&#8221;{}&#8221;][\/et_pb_wc_upsells][et_pb_wc_related_products admin_label=&#8221;PRODUITS SIMILAIRES&#8221; _builder_version=&#8221;4.16&#8243; global_colors_info=&#8221;{}&#8221;][\/et_pb_wc_related_products][\/et_pb_column][\/et_pb_row][\/et_pb_section]<\/p>\n","protected":false},"excerpt":{"rendered":"<p>The Inflatable Paddle Repair Kit is an essential tool for maintaining and repairing your equipment. Available in two versions, the kit includes three high-quality repair fabrics, 40ml PVC glue (standard version) or 125ml Bostik 1220 PVC glue (advanced version), a spanner and a practical container.<br \/>\nThe fabrics ensure solid repairs, the glue guarantees lasting adhesion, the spanner allows the valve to be tightened and the container makes storage easier. Whichever version you choose, this kit will help you keep your paddle in top condition and extend its life.<\/p>\n","protected":false},"featured_media":52124,"comment_status":"closed","ping_status":"closed","template":"","meta":{"_et_pb_use_builder":"on","_et_pb_old_content":"Le kit de r\u00e9paration pour paddle gonflable est l'outil essentiel pour les amateurs de sports nautiques qui souhaitent entretenir et r\u00e9parer facilement leur \u00e9quipement. Ce kit, disponible en deux versions, offre tout ce dont vous avez besoin pour effectuer des r\u00e9parations efficaces et durables.\r\n\r\nDans sa version standard, le kit comprend trois tissus de r\u00e9paration de haute qualit\u00e9. Ces tissus sont sp\u00e9cialement con\u00e7us pour adh\u00e9rer solidement aux mat\u00e9riaux utilis\u00e9s dans la fabrication des paddles gonflables, assurant ainsi une r\u00e9paration robuste. Avec ces tissus, vous pouvez facilement couvrir les d\u00e9chirures ou les perforations sur votre paddle, lui redonnant ainsi toute sa solidit\u00e9.\r\n\r\nLe tube de colle PVC de 40 mL inclus dans la version standard du kit est id\u00e9al pour les petites r\u00e9parations. Cette colle est sp\u00e9cialement formul\u00e9e pour assurer une adh\u00e9rence solide entre les tissus de r\u00e9paration et le mat\u00e9riau du paddle gonflable, garantissant ainsi une r\u00e9paration durable qui r\u00e9siste aux conditions nautiques exigeantes.\r\n\r\nEnfin, le kit comprend un contenant pratique pour ranger tous les \u00e9l\u00e9ments. Ce contenant robuste et compact vous permet de garder tous les \u00e9l\u00e9ments du kit organis\u00e9s et facilement accessibles lorsque vous en avez besoin. Que ce soit \u00e0 la maison ou lors de vos aventures en plein air, ce kit de r\u00e9paration pour paddle gonflable est votre compagnon fiable pour garder votre \u00e9quipement en parfait \u00e9tat.\r\n\r\nLa version avanc\u00e9e du kit de r\u00e9paration comprend une colle Bostik 1220 PVC de 125 mL, offrant une quantit\u00e9 g\u00e9n\u00e9reuse de colle pour les r\u00e9parations plus importantes. Cette colle de qualit\u00e9 sup\u00e9rieure garantit une adh\u00e9rence exceptionnelle, m\u00eame dans les conditions les plus exigeantes, et assure des r\u00e9parations durables qui prolongent la dur\u00e9e de vie de votre paddle gonflable.Le kit de r\u00e9paration pour paddle gonflable est un outil essentiel pour entretenir et r\u00e9parer votre \u00e9quipement. Disponible en deux versions, ce kit comprend trois tissus de r\u00e9paration de haute qualit\u00e9, une colle PVC de 40 mL (version standard) ou une colle Bostik 1220 PVC de 125 mL (version avanc\u00e9e), une cl\u00e9 de serrage et un contenant pratique. Les tissus assurent des r\u00e9parations solides, la colle garantit une adh\u00e9rence durable, la cl\u00e9 de serrage maintient les r\u00e9parations en place, et le contenant facilite le rangement. Quelle que soit la version choisie, ce kit vous accompagnera pour garder votre paddle en parfait \u00e9tat et prolonger sa dur\u00e9e de vie.","_et_gb_content_width":"","content-type":"","inline_featured_image":false},"product_brand":[],"product_cat":[247,241,239,253,245,256],"product_tag":[],"class_list":{"0":"post-52126","1":"product","2":"type-product","3":"status-publish","4":"has-post-thumbnail","6":"product_cat-all-products","7":"product_cat-canoe-kayak","8":"product_cat-canoe-kayak-accessories","9":"product_cat-maintenance-repair","10":"product_cat-rafting","11":"product_cat-rafting-accessories","13":"first","14":"instock","15":"taxable","16":"shipping-taxable","17":"purchasable","18":"product-type-variable"},"yoast_head":"<!-- This site is optimized with the Yoast SEO plugin v25.4 - https:\/\/yoast.com\/wordpress\/plugins\/seo\/ -->\n<title>PVC REPAIR KIT - REPARATION - AQUADESIGN<\/title>\n<meta name=\"description\" content=\"PVC REPAIR KIT consisting of a tube of glue, a piece of black fabric, a piece of colour and a PVC valve key.\" \/>\n<meta name=\"robots\" content=\"index, follow, max-snippet:-1, max-image-preview:large, max-video-preview:-1\" \/>\n<link rel=\"canonical\" href=\"https:\/\/aquadesign.eu\/en\/boutique\/all-products\/canoe-kayak\/pvc-repair-kit\/\" \/>\n<meta property=\"og:locale\" content=\"en_US\" \/>\n<meta property=\"og:type\" content=\"article\" \/>\n<meta property=\"og:title\" content=\"PVC REPAIR KIT - REPARATION - AQUADESIGN\" \/>\n<meta property=\"og:description\" content=\"PVC REPAIR KIT consisting of a tube of glue, a piece of black fabric, a piece of colour and a PVC valve key.\" \/>\n<meta property=\"og:url\" content=\"https:\/\/aquadesign.eu\/en\/boutique\/all-products\/canoe-kayak\/pvc-repair-kit\/\" \/>\n<meta property=\"og:site_name\" content=\"AQUADESIGN\" \/>\n<meta property=\"article:publisher\" content=\"https:\/\/www.facebook.com\/Aquadesign-123940421010907\" \/>\n<meta property=\"article:modified_time\" content=\"2025-06-11T08:26:54+00:00\" \/>\n<meta property=\"og:image\" content=\"https:\/\/aquadesign.eu\/wp-content\/uploads\/SA8060_PVC-KIT-REPARATION-PVC-BOSTIK-CONTENU-WEB.jpg\" \/>\n\t<meta property=\"og:image:width\" content=\"1080\" \/>\n\t<meta property=\"og:image:height\" content=\"1080\" \/>\n\t<meta property=\"og:image:type\" content=\"image\/jpeg\" \/>\n<meta name=\"twitter:card\" content=\"summary_large_image\" \/>\n<meta name=\"twitter:label1\" content=\"Est. reading time\" \/>\n\t<meta name=\"twitter:data1\" content=\"4 minutes\" \/>\n<script type=\"application\/ld+json\" class=\"yoast-schema-graph\">{\"@context\":\"https:\/\/schema.org\",\"@graph\":[{\"@type\":\"WebPage\",\"@id\":\"https:\/\/aquadesign.eu\/en\/boutique\/all-products\/canoe-kayak\/pvc-repair-kit\/\",\"url\":\"https:\/\/aquadesign.eu\/en\/boutique\/all-products\/canoe-kayak\/pvc-repair-kit\/\",\"name\":\"PVC REPAIR KIT - REPARATION - AQUADESIGN\",\"isPartOf\":{\"@id\":\"https:\/\/aquadesign.eu\/en\/#website\"},\"primaryImageOfPage\":{\"@id\":\"https:\/\/aquadesign.eu\/en\/boutique\/all-products\/canoe-kayak\/pvc-repair-kit\/#primaryimage\"},\"image\":{\"@id\":\"https:\/\/aquadesign.eu\/en\/boutique\/all-products\/canoe-kayak\/pvc-repair-kit\/#primaryimage\"},\"thumbnailUrl\":\"https:\/\/aquadesign.eu\/wp-content\/uploads\/SA8060_PVC-KIT-REPARATION-PVC-BOSTIK-CONTENU-WEB.jpg\",\"datePublished\":\"2023-06-16T12:19:14+00:00\",\"dateModified\":\"2025-06-11T08:26:54+00:00\",\"description\":\"PVC REPAIR KIT consisting of a tube of glue, a piece of black fabric, a piece of colour and a PVC valve key.\",\"breadcrumb\":{\"@id\":\"https:\/\/aquadesign.eu\/en\/boutique\/all-products\/canoe-kayak\/pvc-repair-kit\/#breadcrumb\"},\"inLanguage\":\"en-US\",\"potentialAction\":[{\"@type\":\"ReadAction\",\"target\":[\"https:\/\/aquadesign.eu\/en\/boutique\/all-products\/canoe-kayak\/pvc-repair-kit\/\"]}]},{\"@type\":\"ImageObject\",\"inLanguage\":\"en-US\",\"@id\":\"https:\/\/aquadesign.eu\/en\/boutique\/all-products\/canoe-kayak\/pvc-repair-kit\/#primaryimage\",\"url\":\"https:\/\/aquadesign.eu\/wp-content\/uploads\/SA8060_PVC-KIT-REPARATION-PVC-BOSTIK-CONTENU-WEB.jpg\",\"contentUrl\":\"https:\/\/aquadesign.eu\/wp-content\/uploads\/SA8060_PVC-KIT-REPARATION-PVC-BOSTIK-CONTENU-WEB.jpg\",\"width\":1080,\"height\":1080},{\"@type\":\"BreadcrumbList\",\"@id\":\"https:\/\/aquadesign.eu\/en\/boutique\/all-products\/canoe-kayak\/pvc-repair-kit\/#breadcrumb\",\"itemListElement\":[{\"@type\":\"ListItem\",\"position\":1,\"name\":\"Accueil\",\"item\":\"https:\/\/aquadesign.eu\/en\/accueil-2-2\/\"},{\"@type\":\"ListItem\",\"position\":2,\"name\":\"Shop\",\"item\":\"https:\/\/aquadesign.eu\/en\/shop\/\"},{\"@type\":\"ListItem\",\"position\":3,\"name\":\"PVC REPAIR KIT\"}]},{\"@type\":\"WebSite\",\"@id\":\"https:\/\/aquadesign.eu\/en\/#website\",\"url\":\"https:\/\/aquadesign.eu\/en\/\",\"name\":\"AQUADESIGN\",\"description\":\"The whitewater company\",\"potentialAction\":[{\"@type\":\"SearchAction\",\"target\":{\"@type\":\"EntryPoint\",\"urlTemplate\":\"https:\/\/aquadesign.eu\/en\/?s={search_term_string}\"},\"query-input\":{\"@type\":\"PropertyValueSpecification\",\"valueRequired\":true,\"valueName\":\"search_term_string\"}}],\"inLanguage\":\"en-US\"}]}<\/script>\n<!-- \/ Yoast SEO plugin. -->","yoast_head_json":{"title":"PVC REPAIR KIT - REPARATION - AQUADESIGN","description":"PVC REPAIR KIT consisting of a tube of glue, a piece of black fabric, a piece of colour and a PVC valve key.","robots":{"index":"index","follow":"follow","max-snippet":"max-snippet:-1","max-image-preview":"max-image-preview:large","max-video-preview":"max-video-preview:-1"},"canonical":"https:\/\/aquadesign.eu\/en\/boutique\/all-products\/canoe-kayak\/pvc-repair-kit\/","og_locale":"en_US","og_type":"article","og_title":"PVC REPAIR KIT - REPARATION - AQUADESIGN","og_description":"PVC REPAIR KIT consisting of a tube of glue, a piece of black fabric, a piece of colour and a PVC valve key.","og_url":"https:\/\/aquadesign.eu\/en\/boutique\/all-products\/canoe-kayak\/pvc-repair-kit\/","og_site_name":"AQUADESIGN","article_publisher":"https:\/\/www.facebook.com\/Aquadesign-123940421010907","article_modified_time":"2025-06-11T08:26:54+00:00","og_image":[{"width":1080,"height":1080,"url":"https:\/\/aquadesign.eu\/wp-content\/uploads\/SA8060_PVC-KIT-REPARATION-PVC-BOSTIK-CONTENU-WEB.jpg","type":"image\/jpeg"}],"twitter_card":"summary_large_image","twitter_misc":{"Est. reading time":"4 minutes"},"schema":{"@context":"https:\/\/schema.org","@graph":[{"@type":"WebPage","@id":"https:\/\/aquadesign.eu\/en\/boutique\/all-products\/canoe-kayak\/pvc-repair-kit\/","url":"https:\/\/aquadesign.eu\/en\/boutique\/all-products\/canoe-kayak\/pvc-repair-kit\/","name":"PVC REPAIR KIT - REPARATION - AQUADESIGN","isPartOf":{"@id":"https:\/\/aquadesign.eu\/en\/#website"},"primaryImageOfPage":{"@id":"https:\/\/aquadesign.eu\/en\/boutique\/all-products\/canoe-kayak\/pvc-repair-kit\/#primaryimage"},"image":{"@id":"https:\/\/aquadesign.eu\/en\/boutique\/all-products\/canoe-kayak\/pvc-repair-kit\/#primaryimage"},"thumbnailUrl":"https:\/\/aquadesign.eu\/wp-content\/uploads\/SA8060_PVC-KIT-REPARATION-PVC-BOSTIK-CONTENU-WEB.jpg","datePublished":"2023-06-16T12:19:14+00:00","dateModified":"2025-06-11T08:26:54+00:00","description":"PVC REPAIR KIT consisting of a tube of glue, a piece of black fabric, a piece of colour and a PVC valve key.","breadcrumb":{"@id":"https:\/\/aquadesign.eu\/en\/boutique\/all-products\/canoe-kayak\/pvc-repair-kit\/#breadcrumb"},"inLanguage":"en-US","potentialAction":[{"@type":"ReadAction","target":["https:\/\/aquadesign.eu\/en\/boutique\/all-products\/canoe-kayak\/pvc-repair-kit\/"]}]},{"@type":"ImageObject","inLanguage":"en-US","@id":"https:\/\/aquadesign.eu\/en\/boutique\/all-products\/canoe-kayak\/pvc-repair-kit\/#primaryimage","url":"https:\/\/aquadesign.eu\/wp-content\/uploads\/SA8060_PVC-KIT-REPARATION-PVC-BOSTIK-CONTENU-WEB.jpg","contentUrl":"https:\/\/aquadesign.eu\/wp-content\/uploads\/SA8060_PVC-KIT-REPARATION-PVC-BOSTIK-CONTENU-WEB.jpg","width":1080,"height":1080},{"@type":"BreadcrumbList","@id":"https:\/\/aquadesign.eu\/en\/boutique\/all-products\/canoe-kayak\/pvc-repair-kit\/#breadcrumb","itemListElement":[{"@type":"ListItem","position":1,"name":"Accueil","item":"https:\/\/aquadesign.eu\/en\/accueil-2-2\/"},{"@type":"ListItem","position":2,"name":"Shop","item":"https:\/\/aquadesign.eu\/en\/shop\/"},{"@type":"ListItem","position":3,"name":"PVC REPAIR KIT"}]},{"@type":"WebSite","@id":"https:\/\/aquadesign.eu\/en\/#website","url":"https:\/\/aquadesign.eu\/en\/","name":"AQUADESIGN","description":"The whitewater company","potentialAction":[{"@type":"SearchAction","target":{"@type":"EntryPoint","urlTemplate":"https:\/\/aquadesign.eu\/en\/?s={search_term_string}"},"query-input":{"@type":"PropertyValueSpecification","valueRequired":true,"valueName":"search_term_string"}}],"inLanguage":"en-US"}]}},"_links":{"self":[{"href":"https:\/\/aquadesign.eu\/en\/wp-json\/wp\/v2\/product\/52126","targetHints":{"allow":["GET"]}}],"collection":[{"href":"https:\/\/aquadesign.eu\/en\/wp-json\/wp\/v2\/product"}],"about":[{"href":"https:\/\/aquadesign.eu\/en\/wp-json\/wp\/v2\/types\/product"}],"replies":[{"embeddable":true,"href":"https:\/\/aquadesign.eu\/en\/wp-json\/wp\/v2\/comments?post=52126"}],"wp:featuredmedia":[{"embeddable":true,"href":"https:\/\/aquadesign.eu\/en\/wp-json\/wp\/v2\/media\/52124"}],"wp:attachment":[{"href":"https:\/\/aquadesign.eu\/en\/wp-json\/wp\/v2\/media?parent=52126"}],"wp:term":[{"taxonomy":"product_brand","embeddable":true,"href":"https:\/\/aquadesign.eu\/en\/wp-json\/wp\/v2\/product_brand?post=52126"},{"taxonomy":"product_cat","embeddable":true,"href":"https:\/\/aquadesign.eu\/en\/wp-json\/wp\/v2\/product_cat?post=52126"},{"taxonomy":"product_tag","embeddable":true,"href":"https:\/\/aquadesign.eu\/en\/wp-json\/wp\/v2\/product_tag?post=52126"}],"curies":[{"name":"wp","href":"https:\/\/api.w.org\/{rel}","templated":true}]}}